{"id":2919,"date":"2022-07-23T18:21:27","date_gmt":"2022-07-23T18:21:27","guid":{"rendered":"http:\/\/gravity-leadership.local\/?page_id=2919"},"modified":"2026-01-14T12:37:20","modified_gmt":"2026-01-14T16:37:20","slug":"home","status":"publish","type":"page","link":"https:\/\/gravitycommons.com\/es\/","title":{"rendered":"Inicio"},"content":{"rendered":"<h1>\n\t\t\tLa fe despu\u00e9s de la deconstrucci\u00f3n\t<\/h1>\n\t<p>Ayudamos a las personas a desarrollar una espiritualidad cristiana posdeconstrucci\u00f3n basada en el amor que fomenta una fe resiliente en la vida cotidiana.<\/p>\n\t\t\t<a href=\"\/es\/community\/\" target=\"_self\">\n\t\t\t\t\t\t\t\u00danete a la comunidad\n\t\t\t<\/a>\n\t\t\t<a href=\"https:\/\/gravitycommons.com\/es\/bookclub\/\" target=\"_self\">\n\t\t\t\t\t\t\tClub de lectura\n\t\t\t<\/a>\n<h2>\n\t\t\t\u00danete a la comunidad Gravity\t<\/h2>\n\t<p>Join others seeking a life that&#8217;s at home in God&#8217;s love, a livable spirituality that helps us flourish in the chaos.<\/p>\n\t\t\t\t<img decoding=\"async\" src=\"https:\/\/gravitycommons.com\/wp-content\/uploads\/2022\/09\/Illus_Abstract-Crowd.png\" alt=\"Illus_Abstract-Crowd\" itemprop=\"image\" height=\"4501\" width=\"4643\" title=\"Ilustraci\u00f3n_Resumen-Multitud\" onerror=\"this.style.display='none'\" loading=\"lazy\" \/>\n<h3>\n\t\t\tComunidad\t<\/h3>\n\t<p>Encuentre a su gente, explore cuestiones cruciales, comparta lo que aprende, escuche y crezca juntos.<\/p>\n\t\t\t\t<img decoding=\"async\" src=\"https:\/\/gravitycommons.com\/wp-content\/uploads\/2022\/09\/Illus_Hand.png\" alt=\"Illus_Hand\" itemprop=\"image\" height=\"4500\" width=\"5789\" title=\"Ilustraci\u00f3n_Mano\" onerror=\"this.style.display='none'\" loading=\"lazy\" \/>\n<h3>\n\t\t\tFormaci\u00f3n\t<\/h3>\n\t<p>Learn to pay attention to and participate in God&#8217;s presence in your everyday life.<\/p>\n\t\t\t\t<img decoding=\"async\" src=\"https:\/\/gravitycommons.com\/wp-content\/uploads\/2022\/09\/Illus_Jesus-and-Mary.png\" alt=\"Illus_Jesus-and-Mary\" itemprop=\"image\" height=\"4501\" width=\"5742\" title=\"Ilustraci\u00f3n: Jes\u00fas y Mar\u00eda\" onerror=\"this.style.display='none'\" loading=\"lazy\" \/>\n<h3>\n\t\t\tEntrenamiento\t<\/h3>\n\t<p>Coaching y direcci\u00f3n espiritual para ayudarte a percibir c\u00f3mo Dios obra en ti y a trav\u00e9s de ti en el mundo.<\/p>\n\t\t\t<a href=\"\/es\/community\/\" target=\"_self\">\n\t\t\t\t\t\t\t\u00danete AHORA\n\t\t\t\t\t<\/a>\n<h2>\n\t\t\tThe Christian life isn&#8217;t working the way we thought it would.\t<\/h2>\n<h3>\n\t\t\tAyudamos a reconstruir una fe que conduce a la transformaci\u00f3n.\t<\/h3>\n\t\t\t\t<img decoding=\"async\" src=\"https:\/\/gravitycommons.com\/wp-content\/uploads\/2023\/01\/Illus_Jesus-Embrace-copy-1.png\" alt=\"Illus_Jesus-Embrace copy-1\" itemprop=\"image\" height=\"4621\" width=\"3142\" title=\"Ilustraci\u00f3n_Jes\u00fas-Abrazo copia-1\" onerror=\"this.style.display='none'\" loading=\"lazy\" \/>\n\t\t\t\t<img decoding=\"async\" src=\"https:\/\/gravitycommons.com\/wp-content\/uploads\/2022\/10\/Having-the-Mind-of-Christ-Cover.png\" alt=\"Having the Mind of Christ-Cover\" itemprop=\"image\" height=\"1000\" width=\"790\" title=\"Tener la mente de Cristo-Portada\" onerror=\"this.style.display='none'\" loading=\"lazy\" \/>\n<h2>\n\t\t\tTener la mente de Cristo\t<\/h2>\n\t<p>Los cofundadores de Gravity, Ben Sternke y Matt Tebbe, escribieron un libro con IVP titulado<em> Tener la mente de Cristo: ocho axiomas para cultivar una <\/em><em>Fe inquebrantable<\/em>, \u00a1y ya est\u00e1 disponible!<\/p>\n\t\t\t<a href=\"\/es\/book\/\" target=\"_self\">\n\t\t\t\t\t\tM\u00e1s informaci\u00f3n\n\t\t\t\t\t<\/a>\n<h3>\n\t\t\tMeet Ben &#038; Matt\t<\/h3>\n\t<p>Matt Tebbe y Ben Sternke fundaron Gravity Commons y se encuentran en una posici\u00f3n \u00fanica para ayudar a personas como t\u00fa.<\/p>\n<p>Durante m\u00e1s de dos d\u00e9cadas, se han centrado en hacer que la fe sea real, tangible y pr\u00e1ctica para la gente com\u00fan.<\/p>\n<p>A trav\u00e9s de la comunidad, las conversaciones, los cursos y los grupos, ayudan a las personas a desarrollar una espiritualidad cristiana basada en el amor que fomenta una fe resiliente en la vida cotidiana.<\/p>\n<p>&nbsp;<\/p>\n\t\t\t<a href=\"\/es\/team\/\" target=\"_self\">\n\t\t\t\t\t\t\tConozca a nuestro equipo\n\t\t\t\t\t<\/a>\n\t\t\t\t<img decoding=\"async\" src=\"https:\/\/gravitycommons.com\/wp-content\/uploads\/bb-plugin\/cache\/derek412-circle.jpg\" alt=\"derek412\" title=\"derek412\" itemprop=\"image\"\/>\n\t\t\t\t\t\t\t\t<h3 class='uabb-testimonial-author-name testimonial-author-name'>Derek Miller<\/h3>\t\t\t\t\t\t\t\t\n\t\t\t\t\t\t\t\t\tPastor\t\t\t\t\t\t\t\t\n\t\t\t\t\t\t\t<p>&#8220;I learned a completely paradigm-shifting way of discipleship that continues to challenge me every day. This training actually saved me from completely giving up on ministry altogether. This is the most Jesus-like thing I can remember belonging to. And that is not hyperbole.&#8221;<\/p>\t\t\t\t\t\t\n\t\t\t\t<img decoding=\"async\" src=\"https:\/\/gravitycommons.com\/wp-content\/uploads\/bb-plugin\/cache\/ivylinger-circle.jpg\" alt=\"ivylinger\" title=\"ivylinger\" itemprop=\"image\"\/>\n\t\t\t\t\t\t\t\t<h3 class='uabb-testimonial-author-name testimonial-author-name'>Ivy Linger<\/h3>\t\t\t\t\t\t\t\t\n\t\t\t\t\t\t\t\t\tProfesor de arte\t\t\t\t\t\t\t\t\n\t\t\t\t\t\t\t<p>&#8220;Gravity has given me a different way of thinking about discipleship and being the Church, and through the regular connection with people outside of my normal contexts, I&#8217;ve been able to learn from others with different backgrounds and convictions.&#8221;<\/p>\t\t\t\t\t\t\n\t\t\t\t<img decoding=\"async\" src=\"https:\/\/gravitycommons.com\/wp-content\/uploads\/bb-plugin\/cache\/Alan-Hirsch-headshot-circle.jpg\" alt=\"Alan-Hirsch-headshot\" title=\"Alan Hirsch, foto de rostro\" itemprop=\"image\"\/>\n\t\t\t\t\t\t\t\t<h3 class='uabb-testimonial-author-name testimonial-author-name'>Alan Hirsch<\/h3>\t\t\t\t\t\t\t\t\n\t\t\t\t\t\t\t\t\tAutor y fundador de Forge Mission Training Network\t\t\t\t\t\t\t\t\n\t\t\t\t\t\t\t<p>&#8220;The Gravity folk are the real deal. Taking Jesus as their primary reference point, they help churches develop discipleship practices that can go to scale. Thumbs up!&#8221;<\/p>\t\t\t\t\t\t\n\t\t\t\t<img decoding=\"async\" src=\"https:\/\/gravitycommons.com\/wp-content\/uploads\/bb-plugin\/cache\/Asset-7@2x-100-circle.jpg\" alt=\"Asset 7@2x-100\" title=\"Activo 7@2x-100\" itemprop=\"image\"\/>\n\t\t\t\t\t\t\t\t<h3 class='uabb-testimonial-author-name testimonial-author-name'>Carol Vanderstoep<\/h3>\t\t\t\t\t\t\t\t\n\t\t\t\t\t\t\t\t\tMaestro jubilado\t\t\t\t\t\t\t\t\n\t\t\t\t\t\t\t<p>&#8220;In my advocacy work, I became more settled in knowing that my identity, security and belonging is in Christ and not what other people say or what I do or what I have. my view of God has changed and it has been so life-giving for me!&#8221;<\/p>\t\t\t\t\t\t\n\t\t\t\t<img decoding=\"async\" src=\"https:\/\/gravitycommons.com\/wp-content\/uploads\/bb-plugin\/cache\/Asset-8@2x-100-circle.jpg\" alt=\"Asset 8@2x-100\" title=\"Activo 8@2x-100\" itemprop=\"image\"\/>\n\t\t\t\t\t\t\t\t<h3 class='uabb-testimonial-author-name testimonial-author-name'>Dan Hauser<\/h3>\t\t\t\t\t\t\t\t\n\t\t\t\t\t\t\t\t\tGerente de reclamaciones\t\t\t\t\t\t\t\t\n\t\t\t\t\t\t\t<p>&#8220;Gravity taught me a way to curiously explore my inner world and how my emotions are tied to what God is doing in and through me.&#8221;<\/p>\t\t\t\t\t\t\n\t\t\t\t<img decoding=\"async\" src=\"https:\/\/gravitycommons.com\/wp-content\/uploads\/bb-plugin\/cache\/Asset-5@2x-100-circle.jpg\" alt=\"Asset 5@2x-100\" title=\"Activo 5@2x-100\" itemprop=\"image\"\/>\n\t\t\t\t\t\t\t\t<h3 class='uabb-testimonial-author-name testimonial-author-name'>Michael Dean<\/h3>\t\t\t\t\t\t\t\t\n\t\t\t\t\t\t\t\t\tMaestro y pastor\t\t\t\t\t\t\t\t\n\t\t\t\t\t\t\t<p>&#8220;Gravity helped me learn a better way to see and understand the work of God in my life, and their discipleship process concretely puts the focus on how God is at work in the lives of everyone involved and not merely on learning more facts about God.&#8221;<\/p>\t\t\t\t\t\t\n\t<h3>\n\t\t\t\u00danete a la comunidad Gravity\t<\/h3>\n\t<p>Un espacio para personas que desean encontrar juntas el camino hacia una fe cristiana m\u00e1s generosa, alegre y descolonizada.<\/p>\n\t\t\t<a href=\"https:\/\/community.gravitycommons.com\/sign_up?plan_id=480800\" target=\"_self\">\n\t\t\t\t\t\t\u00danete gratis\n\t\t\t\t\t<\/a>\n<h3>\n\t\t\tEl podcast Gravity\t<\/h3>\n\t<p>Conversaciones sobre c\u00f3mo cultivar una espiritualidad pr\u00e1ctica que fomente una fe flexible basada en el amor.<\/p>\n\t\t\t<a href=\"\/es\/podcast\/\" target=\"_self\">\n\t\t\t\t\t\t\tExplora todos los episodios\n\t\t\t\t\t<\/a>\n<h3>\n\t\t\tCursos gratuitos sobre espiritualidad y fe\t<\/h3>\n\t\t\t<a href=\"\/es\/community\/\" target=\"_self\">\n\t\t\t\t\t\t\t\u00danete a nuestra comunidad\n\t\t\t\t\t<\/a>\n<h3>\n\t\t\t\u00daltimos art\u00edculos\t<\/h3>\n\t\t\t<a href=\"\/es\/blog\/\" target=\"_self\">\n\t\t\t\t\t\t\tLeer m\u00e1s art\u00edculos\n\t\t\t\t\t<\/a>","protected":false},"excerpt":{"rendered":"<p>Faith after deconstruction We help people develop a post-deconstruction Christian spirituality rooted in love that fosters resilient faith in everyday life. Join the Community Book Club Join the Gravity Community Join others seeking a life that&#8217;s at home in God&#8217;s love, a livable spirituality that helps us flourish in the chaos. Community Find your people,&hellip;<\/p>","protected":false},"author":1,"featured_media":28465,"parent":0,"menu_order":0,"comment_status":"closed","ping_status":"closed","template":"","meta":{"_wp_convertkit_post_meta":{"form":"-1","landing_page":"0","tag":"0","restrict_content":"0"},"episode_type":"","audio_file":"","podmotor_file_id":"","podmotor_episode_id":"","cover_image":"","cover_image_id":"","duration":"","filesize":"","filesize_raw":"","date_recorded":"","explicit":"","block":"","itunes_episode_number":"","itunes_title":"","itunes_season_number":"","itunes_episode_type":"","footnotes":""},"class_list":["post-2919","page","type-page","status-publish","has-post-thumbnail","hentry"],"yoast_head":"<!-- This site is optimized with the Yoast SEO plugin v27.5 - https:\/\/yoast.com\/product\/yoast-seo-wordpress\/ -->\n<title>Home - Gravity Commons<\/title>\n<meta name=\"description\" content=\"We help people develop a Christian spirituality rooted in love that fosters resilient faith in everyday life.\" \/>\n<meta name=\"robots\" content=\"index, follow, max-snippet:-1, max-image-preview:large, max-video-preview:-1\" \/>\n<link rel=\"canonical\" href=\"https:\/\/gravitycommons.com\/es\/\" \/>\n<meta property=\"og:locale\" content=\"es_MX\" \/>\n<meta property=\"og:type\" content=\"article\" \/>\n<meta property=\"og:title\" content=\"Home - Gravity Commons\" \/>\n<meta property=\"og:description\" content=\"We help people develop a Christian spirituality rooted in love that fosters resilient faith in everyday life.\" \/>\n<meta property=\"og:url\" content=\"https:\/\/gravitycommons.com\/es\/\" \/>\n<meta property=\"og:site_name\" content=\"Gravity Commons\" \/>\n<meta property=\"article:modified_time\" content=\"2026-01-14T16:37:20+00:00\" \/>\n<meta property=\"og:image\" content=\"https:\/\/gravitycommons.com\/wp-content\/uploads\/2023\/01\/NewHeader.jpg\" \/>\n\t<meta property=\"og:image:width\" content=\"1993\" \/>\n\t<meta property=\"og:image:height\" content=\"1034\" \/>\n\t<meta property=\"og:image:type\" content=\"image\/jpeg\" \/>\n<meta name=\"twitter:card\" content=\"summary_large_image\" \/>\n<meta name=\"twitter:label1\" content=\"Est. reading time\" \/>\n\t<meta name=\"twitter:data1\" content=\"7 minutos\" \/>\n<script type=\"application\/ld+json\" class=\"yoast-schema-graph\">{\"@context\":\"https:\\\/\\\/schema.org\",\"@graph\":[{\"@type\":\"WebPage\",\"@id\":\"https:\\\/\\\/gravitycommons.com\\\/\",\"url\":\"https:\\\/\\\/gravitycommons.com\\\/\",\"name\":\"Home - Gravity Commons\",\"isPartOf\":{\"@id\":\"https:\\\/\\\/gravitycommons.com\\\/#website\"},\"primaryImageOfPage\":{\"@id\":\"https:\\\/\\\/gravitycommons.com\\\/#primaryimage\"},\"image\":{\"@id\":\"https:\\\/\\\/gravitycommons.com\\\/#primaryimage\"},\"thumbnailUrl\":\"https:\\\/\\\/gravitycommons.com\\\/wp-content\\\/uploads\\\/2023\\\/01\\\/NewHeader.jpg\",\"datePublished\":\"2022-07-23T18:21:27+00:00\",\"dateModified\":\"2026-01-14T16:37:20+00:00\",\"description\":\"We help people develop a Christian spirituality rooted in love that fosters resilient faith in everyday life.\",\"breadcrumb\":{\"@id\":\"https:\\\/\\\/gravitycommons.com\\\/#breadcrumb\"},\"inLanguage\":\"es\",\"potentialAction\":[{\"@type\":\"ReadAction\",\"target\":[\"https:\\\/\\\/gravitycommons.com\\\/\"]}]},{\"@type\":\"ImageObject\",\"inLanguage\":\"es\",\"@id\":\"https:\\\/\\\/gravitycommons.com\\\/#primaryimage\",\"url\":\"https:\\\/\\\/gravitycommons.com\\\/wp-content\\\/uploads\\\/2023\\\/01\\\/NewHeader.jpg\",\"contentUrl\":\"https:\\\/\\\/gravitycommons.com\\\/wp-content\\\/uploads\\\/2023\\\/01\\\/NewHeader.jpg\",\"width\":1993,\"height\":1034},{\"@type\":\"BreadcrumbList\",\"@id\":\"https:\\\/\\\/gravitycommons.com\\\/#breadcrumb\",\"itemListElement\":[{\"@type\":\"ListItem\",\"position\":1,\"name\":\"Home\",\"item\":\"https:\\\/\\\/gravitycommons.com\\\/\"},{\"@type\":\"ListItem\",\"position\":2,\"name\":\"Home\"}]},{\"@type\":\"WebSite\",\"@id\":\"https:\\\/\\\/gravitycommons.com\\\/#website\",\"url\":\"https:\\\/\\\/gravitycommons.com\\\/\",\"name\":\"Gravity Commons\",\"description\":\"Following Jesus in the Chaos\",\"potentialAction\":[{\"@type\":\"SearchAction\",\"target\":{\"@type\":\"EntryPoint\",\"urlTemplate\":\"https:\\\/\\\/gravitycommons.com\\\/?s={search_term_string}\"},\"query-input\":{\"@type\":\"PropertyValueSpecification\",\"valueRequired\":true,\"valueName\":\"search_term_string\"}}],\"inLanguage\":\"es\"}]}<\/script>\n<!-- \/ Yoast SEO plugin. -->","yoast_head_json":{"title":"Home - Gravity Commons","description":"We help people develop a Christian spirituality rooted in love that fosters resilient faith in everyday life.","robots":{"index":"index","follow":"follow","max-snippet":"max-snippet:-1","max-image-preview":"max-image-preview:large","max-video-preview":"max-video-preview:-1"},"canonical":"https:\/\/gravitycommons.com\/es\/","og_locale":"es_MX","og_type":"article","og_title":"Home - Gravity Commons","og_description":"We help people develop a Christian spirituality rooted in love that fosters resilient faith in everyday life.","og_url":"https:\/\/gravitycommons.com\/es\/","og_site_name":"Gravity Commons","article_modified_time":"2026-01-14T16:37:20+00:00","og_image":[{"width":1993,"height":1034,"url":"https:\/\/gravitycommons.com\/wp-content\/uploads\/2023\/01\/NewHeader.jpg","type":"image\/jpeg"}],"twitter_card":"summary_large_image","twitter_misc":{"Est. reading time":"7 minutos"},"schema":{"@context":"https:\/\/schema.org","@graph":[{"@type":"WebPage","@id":"https:\/\/gravitycommons.com\/","url":"https:\/\/gravitycommons.com\/","name":"Home - Gravity Commons","isPartOf":{"@id":"https:\/\/gravitycommons.com\/#website"},"primaryImageOfPage":{"@id":"https:\/\/gravitycommons.com\/#primaryimage"},"image":{"@id":"https:\/\/gravitycommons.com\/#primaryimage"},"thumbnailUrl":"https:\/\/gravitycommons.com\/wp-content\/uploads\/2023\/01\/NewHeader.jpg","datePublished":"2022-07-23T18:21:27+00:00","dateModified":"2026-01-14T16:37:20+00:00","description":"We help people develop a Christian spirituality rooted in love that fosters resilient faith in everyday life.","breadcrumb":{"@id":"https:\/\/gravitycommons.com\/#breadcrumb"},"inLanguage":"es","potentialAction":[{"@type":"ReadAction","target":["https:\/\/gravitycommons.com\/"]}]},{"@type":"ImageObject","inLanguage":"es","@id":"https:\/\/gravitycommons.com\/#primaryimage","url":"https:\/\/gravitycommons.com\/wp-content\/uploads\/2023\/01\/NewHeader.jpg","contentUrl":"https:\/\/gravitycommons.com\/wp-content\/uploads\/2023\/01\/NewHeader.jpg","width":1993,"height":1034},{"@type":"BreadcrumbList","@id":"https:\/\/gravitycommons.com\/#breadcrumb","itemListElement":[{"@type":"ListItem","position":1,"name":"Home","item":"https:\/\/gravitycommons.com\/"},{"@type":"ListItem","position":2,"name":"Home"}]},{"@type":"WebSite","@id":"https:\/\/gravitycommons.com\/#website","url":"https:\/\/gravitycommons.com\/","name":"Gravity Commons","description":"Following Jesus in the Chaos","potentialAction":[{"@type":"SearchAction","target":{"@type":"EntryPoint","urlTemplate":"https:\/\/gravitycommons.com\/?s={search_term_string}"},"query-input":{"@type":"PropertyValueSpecification","valueRequired":true,"valueName":"search_term_string"}}],"inLanguage":"es"}]}},"_links":{"self":[{"href":"https:\/\/gravitycommons.com\/es\/wp-json\/wp\/v2\/pages\/2919","targetHints":{"allow":["GET"]}}],"collection":[{"href":"https:\/\/gravitycommons.com\/es\/wp-json\/wp\/v2\/pages"}],"about":[{"href":"https:\/\/gravitycommons.com\/es\/wp-json\/wp\/v2\/types\/page"}],"author":[{"embeddable":true,"href":"https:\/\/gravitycommons.com\/es\/wp-json\/wp\/v2\/users\/1"}],"replies":[{"embeddable":true,"href":"https:\/\/gravitycommons.com\/es\/wp-json\/wp\/v2\/comments?post=2919"}],"version-history":[{"count":0,"href":"https:\/\/gravitycommons.com\/es\/wp-json\/wp\/v2\/pages\/2919\/revisions"}],"wp:featuredmedia":[{"embeddable":true,"href":"https:\/\/gravitycommons.com\/es\/wp-json\/wp\/v2\/media\/28465"}],"wp:attachment":[{"href":"https:\/\/gravitycommons.com\/es\/wp-json\/wp\/v2\/media?parent=2919"}],"curies":[{"name":"wp","href":"https:\/\/api.w.org\/{rel}","templated":true}]}}